{"id":1839,"date":"2025-02-28T21:45:19","date_gmt":"2025-02-28T21:45:19","guid":{"rendered":"http:\/\/inglesparatodos.com\/?page_id=1839"},"modified":"2025-03-27T14:13:10","modified_gmt":"2025-03-27T14:13:10","slug":"learning-through-entertainment","status":"publish","type":"page","link":"http:\/\/inglesparatodos.com\/es\/learning-through-entertainment\/","title":{"rendered":"Learning Through Entertainment"},"content":{"rendered":"<div data-elementor-type=\"wp-page\" data-elementor-id=\"1839\" class=\"elementor elementor-1839\" data-elementor-post-type=\"page\">\n\t\t\t\t<div class=\"elementor-element elementor-element-2c58de8 elementor-hidden-tablet elementor-hidden-mobile e-flex e-con-boxed e-con e-parent\" data-id=\"2c58de8\" data-element_type=\"container\" data-settings=\"{&quot;background_background&quot;:&quot;classic&quot;}\">\n\t\t\t\t\t<div class=\"e-con-inner\">\n\t\t<div class=\"elementor-element elementor-element-7917c1b e-con-full e-flex e-con e-child\" data-id=\"7917c1b\" data-element_type=\"container\">\n\t\t\t\t<div class=\"elementor-element elementor-element-61407d8 elementor-widget elementor-widget-image\" data-id=\"61407d8\" data-element_type=\"widget\" data-widget_type=\"image.default\">\n\t\t\t\t<div class=\"elementor-widget-container\">\n\t\t\t\t\t\t\t\t\t\t\t\t\t\t\t\t<a href=\"\/es\/inicio-ipt\/\">\n\t\t\t\t\t\t\t<img decoding=\"async\" src=\"https:\/\/inglesparatodos.com\/wp-content\/uploads\/2024\/11\/logo-IPT.png\" title=\"logo-IPT\" alt=\"logo-IPT\" loading=\"lazy\" \/>\t\t\t\t\t\t\t\t<\/a>\n\t\t\t\t\t\t\t\t\t\t\t\t\t\t\t<\/div>\n\t\t\t\t<\/div>\n\t\t\t\t<\/div>\n\t\t<div class=\"elementor-element elementor-element-4ba2943 e-con-full elementor-hidden-mobile e-flex e-con e-child\" data-id=\"4ba2943\" data-element_type=\"container\">\n\t\t\t\t<\/div>\n\t\t<div class=\"elementor-element elementor-element-8f82d4b e-con-full elementor-hidden-mobile e-flex e-con e-child\" data-id=\"8f82d4b\" data-element_type=\"container\">\n\t\t\t\t<\/div>\n\t\t\t\t\t<\/div>\n\t\t\t\t<\/div>\n\t\t<div class=\"elementor-element elementor-element-feb04eb e-con-full e-flex e-con e-parent\" data-id=\"feb04eb\" data-element_type=\"container\" data-settings=\"{&quot;background_background&quot;:&quot;classic&quot;}\">\n\t\t\t\t<div class=\"elementor-element elementor-element-1c09347 elementor-widget-divider--view-line elementor-widget elementor-widget-divider\" data-id=\"1c09347\" data-element_type=\"widget\" data-widget_type=\"divider.default\">\n\t\t\t\t<div class=\"elementor-widget-container\">\n\t\t\t\t\t\t\t<div class=\"elementor-divider\">\n\t\t\t<span class=\"elementor-divider-separator\">\n\t\t\t\t\t\t<\/span>\n\t\t<\/div>\n\t\t\t\t\t\t<\/div>\n\t\t\t\t<\/div>\n\t\t\t\t<\/div>\n\t\t<div class=\"elementor-element elementor-element-390d24b e-con-full elementor-hidden-tablet elementor-hidden-mobile e-flex e-con e-parent\" data-id=\"390d24b\" data-element_type=\"container\" data-settings=\"{&quot;background_background&quot;:&quot;classic&quot;,&quot;sticky&quot;:&quot;top&quot;,&quot;sticky_on&quot;:[&quot;desktop&quot;,&quot;tablet&quot;,&quot;mobile&quot;],&quot;sticky_offset&quot;:0,&quot;sticky_effects_offset&quot;:0,&quot;sticky_anchor_link_offset&quot;:0}\">\n\t\t\t\t<div class=\"elementor-element elementor-element-4b7b191 elementor-nav-menu__align-center elementor-nav-menu--dropdown-tablet elementor-nav-menu__text-align-aside elementor-nav-menu--toggle elementor-nav-menu--burger elementor-widget elementor-widget-nav-menu\" data-id=\"4b7b191\" data-element_type=\"widget\" data-settings=\"{&quot;layout&quot;:&quot;horizontal&quot;,&quot;submenu_icon&quot;:{&quot;value&quot;:&quot;&lt;svg class=\\&quot;e-font-icon-svg e-fas-caret-down\\&quot; viewBox=\\&quot;0 0 320 512\\&quot; xmlns=\\&quot;http:\\\/\\\/www.w3.org\\\/2000\\\/svg\\&quot;&gt;&lt;path d=\\&quot;M31.3 192h257.3c17.8 0 26.7 21.5 14.1 34.1L174.1 354.8c-7.8 7.8-20.5 7.8-28.3 0L17.2 226.1C4.6 213.5 13.5 192 31.3 192z\\&quot;&gt;&lt;\\\/path&gt;&lt;\\\/svg&gt;&quot;,&quot;library&quot;:&quot;fa-solid&quot;},&quot;toggle&quot;:&quot;burger&quot;}\" data-widget_type=\"nav-menu.default\">\n\t\t\t\t<div class=\"elementor-widget-container\">\n\t\t\t\t\t\t\t\t<nav aria-label=\"Men\u00fa\" class=\"elementor-nav-menu--main elementor-nav-menu__container elementor-nav-menu--layout-horizontal e--pointer-underline e--animation-fade\">\n\t\t\t\t<ul id=\"menu-1-4b7b191\" class=\"elementor-nav-menu\"><li class=\"menu-item menu-item-type-post_type menu-item-object-page menu-item-home menu-item-559\"><a href=\"http:\/\/inglesparatodos.com\/es\/\" class=\"elementor-item\">Inicio<\/a><\/li>\n<li class=\"menu-item menu-item-type-post_type menu-item-object-page menu-item-560\"><a href=\"http:\/\/inglesparatodos.com\/es\/who-are-we\/\" class=\"elementor-item\">Acerca de<\/a><\/li>\n<li class=\"menu-item menu-item-type-post_type menu-item-object-page menu-item-1151\"><a href=\"http:\/\/inglesparatodos.com\/es\/where-find-us\/\" class=\"elementor-item\">Suscribirse<\/a><\/li>\n<li class=\"menu-item menu-item-type-custom menu-item-object-custom menu-item-562\"><a href=\"\/es\/instructor-videos\/\" class=\"elementor-item\">Programaci\u00f3n<\/a><\/li>\n<li class=\"menu-item menu-item-type-post_type menu-item-object-page menu-item-1261\"><a href=\"http:\/\/inglesparatodos.com\/es\/teaching-philosophy\/\" class=\"elementor-item\">Filosof\u00eda de Ense\u00f1anza<\/a><\/li>\n<\/ul>\t\t\t<\/nav>\n\t\t\t\t\t<div class=\"elementor-menu-toggle\" role=\"button\" tabindex=\"0\" aria-label=\"Menu Toggle\" aria-expanded=\"false\">\n\t\t\t<svg aria-hidden=\"true\" role=\"presentation\" class=\"elementor-menu-toggle__icon--open e-font-icon-svg e-eicon-menu-bar\" viewbox=\"0 0 1000 1000\" xmlns=\"http:\/\/www.w3.org\/2000\/svg\"><path d=\"M104 333H896C929 333 958 304 958 271S929 208 896 208H104C71 208 42 237 42 271S71 333 104 333ZM104 583H896C929 583 958 554 958 521S929 458 896 458H104C71 458 42 487 42 521S71 583 104 583ZM104 833H896C929 833 958 804 958 771S929 708 896 708H104C71 708 42 737 42 771S71 833 104 833Z\"><\/path><\/svg><svg aria-hidden=\"true\" role=\"presentation\" class=\"elementor-menu-toggle__icon--close e-font-icon-svg e-eicon-close\" viewbox=\"0 0 1000 1000\" xmlns=\"http:\/\/www.w3.org\/2000\/svg\"><path d=\"M742 167L500 408 258 167C246 154 233 150 217 150 196 150 179 158 167 167 154 179 150 196 150 212 150 229 154 242 171 254L408 500 167 742C138 771 138 800 167 829 196 858 225 858 254 829L496 587 738 829C750 842 767 846 783 846 800 846 817 842 829 829 842 817 846 804 846 783 846 767 842 750 829 737L588 500 833 258C863 229 863 200 833 171 804 137 775 137 742 167Z\"><\/path><\/svg>\t\t<\/div>\n\t\t\t\t\t<nav class=\"elementor-nav-menu--dropdown elementor-nav-menu__container\" aria-hidden=\"true\">\n\t\t\t\t<ul id=\"menu-2-4b7b191\" class=\"elementor-nav-menu\"><li class=\"menu-item menu-item-type-post_type menu-item-object-page menu-item-home menu-item-559\"><a href=\"http:\/\/inglesparatodos.com\/es\/\" class=\"elementor-item\" tabindex=\"-1\">Inicio<\/a><\/li>\n<li class=\"menu-item menu-item-type-post_type menu-item-object-page menu-item-560\"><a href=\"http:\/\/inglesparatodos.com\/es\/who-are-we\/\" class=\"elementor-item\" tabindex=\"-1\">Acerca de<\/a><\/li>\n<li class=\"menu-item menu-item-type-post_type menu-item-object-page menu-item-1151\"><a href=\"http:\/\/inglesparatodos.com\/es\/where-find-us\/\" class=\"elementor-item\" tabindex=\"-1\">Suscribirse<\/a><\/li>\n<li class=\"menu-item menu-item-type-custom menu-item-object-custom menu-item-562\"><a href=\"\/es\/instructor-videos\/\" class=\"elementor-item\" tabindex=\"-1\">Programaci\u00f3n<\/a><\/li>\n<li class=\"menu-item menu-item-type-post_type menu-item-object-page menu-item-1261\"><a href=\"http:\/\/inglesparatodos.com\/es\/teaching-philosophy\/\" class=\"elementor-item\" tabindex=\"-1\">Filosof\u00eda de Ense\u00f1anza<\/a><\/li>\n<\/ul>\t\t\t<\/nav>\n\t\t\t\t\t\t<\/div>\n\t\t\t\t<\/div>\n\t\t\t\t<\/div>\n\t\t<div class=\"elementor-element elementor-element-dfcf3bf e-con-full elementor-hidden-desktop e-flex e-con e-parent\" data-id=\"dfcf3bf\" data-element_type=\"container\" data-settings=\"{&quot;background_background&quot;:&quot;classic&quot;}\">\n\t\t<div class=\"elementor-element elementor-element-150e01a e-con-full e-flex e-con e-child\" data-id=\"150e01a\" data-element_type=\"container\">\n\t\t\t\t<div class=\"elementor-element elementor-element-7e5894e elementor-widget elementor-widget-image\" data-id=\"7e5894e\" data-element_type=\"widget\" data-widget_type=\"image.default\">\n\t\t\t\t<div class=\"elementor-widget-container\">\n\t\t\t\t\t\t\t\t\t\t\t\t\t\t\t<img decoding=\"async\" src=\"https:\/\/inglesparatodos.com\/wp-content\/uploads\/2024\/11\/logo-IPT.png\" title=\"logo-IPT\" alt=\"logo-IPT\" loading=\"lazy\" \/>\t\t\t\t\t\t\t\t\t\t\t\t\t\t\t<\/div>\n\t\t\t\t<\/div>\n\t\t\t\t<\/div>\n\t\t\t\t<\/div>\n\t\t<div class=\"elementor-element elementor-element-1b3fa12 e-con-full elementor-hidden-desktop e-flex e-con e-parent\" data-id=\"1b3fa12\" data-element_type=\"container\" data-settings=\"{&quot;background_background&quot;:&quot;classic&quot;,&quot;sticky&quot;:&quot;top&quot;,&quot;sticky_on&quot;:[&quot;desktop&quot;,&quot;tablet&quot;,&quot;mobile&quot;],&quot;sticky_offset&quot;:0,&quot;sticky_effects_offset&quot;:0,&quot;sticky_anchor_link_offset&quot;:0}\">\n\t\t<div class=\"elementor-element elementor-element-0bafa23 e-con-full e-flex e-con e-child\" data-id=\"0bafa23\" data-element_type=\"container\">\n\t\t\t\t<div class=\"elementor-element elementor-element-080be86 elementor-nav-menu__align-center elementor-nav-menu__text-align-center elementor-nav-menu--dropdown-tablet elementor-nav-menu--toggle elementor-nav-menu--burger elementor-widget elementor-widget-nav-menu\" data-id=\"080be86\" data-element_type=\"widget\" data-settings=\"{&quot;layout&quot;:&quot;horizontal&quot;,&quot;submenu_icon&quot;:{&quot;value&quot;:&quot;&lt;svg class=\\&quot;e-font-icon-svg e-fas-caret-down\\&quot; viewBox=\\&quot;0 0 320 512\\&quot; xmlns=\\&quot;http:\\\/\\\/www.w3.org\\\/2000\\\/svg\\&quot;&gt;&lt;path d=\\&quot;M31.3 192h257.3c17.8 0 26.7 21.5 14.1 34.1L174.1 354.8c-7.8 7.8-20.5 7.8-28.3 0L17.2 226.1C4.6 213.5 13.5 192 31.3 192z\\&quot;&gt;&lt;\\\/path&gt;&lt;\\\/svg&gt;&quot;,&quot;library&quot;:&quot;fa-solid&quot;},&quot;toggle&quot;:&quot;burger&quot;}\" data-widget_type=\"nav-menu.default\">\n\t\t\t\t<div class=\"elementor-widget-container\">\n\t\t\t\t\t\t\t\t<nav aria-label=\"Men\u00fa\" class=\"elementor-nav-menu--main elementor-nav-menu__container elementor-nav-menu--layout-horizontal e--pointer-underline e--animation-fade\">\n\t\t\t\t<ul id=\"menu-1-080be86\" class=\"elementor-nav-menu\"><li class=\"menu-item menu-item-type-post_type menu-item-object-page menu-item-home menu-item-559\"><a href=\"http:\/\/inglesparatodos.com\/es\/\" class=\"elementor-item\">Inicio<\/a><\/li>\n<li class=\"menu-item menu-item-type-post_type menu-item-object-page menu-item-560\"><a href=\"http:\/\/inglesparatodos.com\/es\/who-are-we\/\" class=\"elementor-item\">Acerca de<\/a><\/li>\n<li class=\"menu-item menu-item-type-post_type menu-item-object-page menu-item-1151\"><a href=\"http:\/\/inglesparatodos.com\/es\/where-find-us\/\" class=\"elementor-item\">Suscribirse<\/a><\/li>\n<li class=\"menu-item menu-item-type-custom menu-item-object-custom menu-item-562\"><a href=\"\/es\/instructor-videos\/\" class=\"elementor-item\">Programaci\u00f3n<\/a><\/li>\n<li class=\"menu-item menu-item-type-post_type menu-item-object-page menu-item-1261\"><a href=\"http:\/\/inglesparatodos.com\/es\/teaching-philosophy\/\" class=\"elementor-item\">Filosof\u00eda de Ense\u00f1anza<\/a><\/li>\n<\/ul>\t\t\t<\/nav>\n\t\t\t\t\t<div class=\"elementor-menu-toggle\" role=\"button\" tabindex=\"0\" aria-label=\"Menu Toggle\" aria-expanded=\"false\">\n\t\t\t<svg aria-hidden=\"true\" role=\"presentation\" class=\"elementor-menu-toggle__icon--open e-font-icon-svg e-eicon-menu-bar\" viewbox=\"0 0 1000 1000\" xmlns=\"http:\/\/www.w3.org\/2000\/svg\"><path d=\"M104 333H896C929 333 958 304 958 271S929 208 896 208H104C71 208 42 237 42 271S71 333 104 333ZM104 583H896C929 583 958 554 958 521S929 458 896 458H104C71 458 42 487 42 521S71 583 104 583ZM104 833H896C929 833 958 804 958 771S929 708 896 708H104C71 708 42 737 42 771S71 833 104 833Z\"><\/path><\/svg><svg aria-hidden=\"true\" role=\"presentation\" class=\"elementor-menu-toggle__icon--close e-font-icon-svg e-eicon-close\" viewbox=\"0 0 1000 1000\" xmlns=\"http:\/\/www.w3.org\/2000\/svg\"><path d=\"M742 167L500 408 258 167C246 154 233 150 217 150 196 150 179 158 167 167 154 179 150 196 150 212 150 229 154 242 171 254L408 500 167 742C138 771 138 800 167 829 196 858 225 858 254 829L496 587 738 829C750 842 767 846 783 846 800 846 817 842 829 829 842 817 846 804 846 783 846 767 842 750 829 737L588 500 833 258C863 229 863 200 833 171 804 137 775 137 742 167Z\"><\/path><\/svg>\t\t<\/div>\n\t\t\t\t\t<nav class=\"elementor-nav-menu--dropdown elementor-nav-menu__container\" aria-hidden=\"true\">\n\t\t\t\t<ul id=\"menu-2-080be86\" class=\"elementor-nav-menu\"><li class=\"menu-item menu-item-type-post_type menu-item-object-page menu-item-home menu-item-559\"><a href=\"http:\/\/inglesparatodos.com\/es\/\" class=\"elementor-item\" tabindex=\"-1\">Inicio<\/a><\/li>\n<li class=\"menu-item menu-item-type-post_type menu-item-object-page menu-item-560\"><a href=\"http:\/\/inglesparatodos.com\/es\/who-are-we\/\" class=\"elementor-item\" tabindex=\"-1\">Acerca de<\/a><\/li>\n<li class=\"menu-item menu-item-type-post_type menu-item-object-page menu-item-1151\"><a href=\"http:\/\/inglesparatodos.com\/es\/where-find-us\/\" class=\"elementor-item\" tabindex=\"-1\">Suscribirse<\/a><\/li>\n<li class=\"menu-item menu-item-type-custom menu-item-object-custom menu-item-562\"><a href=\"\/es\/instructor-videos\/\" class=\"elementor-item\" tabindex=\"-1\">Programaci\u00f3n<\/a><\/li>\n<li class=\"menu-item menu-item-type-post_type menu-item-object-page menu-item-1261\"><a href=\"http:\/\/inglesparatodos.com\/es\/teaching-philosophy\/\" class=\"elementor-item\" tabindex=\"-1\">Filosof\u00eda de Ense\u00f1anza<\/a><\/li>\n<\/ul>\t\t\t<\/nav>\n\t\t\t\t\t\t<\/div>\n\t\t\t\t<\/div>\n\t\t\t\t<\/div>\n\t\t\t\t<\/div>\n\t\t<div class=\"elementor-element elementor-element-00e278d e-flex e-con-boxed e-con e-parent\" data-id=\"00e278d\" data-element_type=\"container\" data-settings=\"{&quot;background_background&quot;:&quot;classic&quot;}\">\n\t\t\t\t\t<div class=\"e-con-inner\">\n\t\t<div class=\"elementor-element elementor-element-fe0f3c6 e-con-full e-flex e-con e-child\" data-id=\"fe0f3c6\" data-element_type=\"container\">\n\t\t\t\t<div class=\"elementor-element elementor-element-e3b38b3 elementor-invisible elementor-widget elementor-widget-heading\" data-id=\"e3b38b3\" data-element_type=\"widget\" data-settings=\"{&quot;_animation&quot;:&quot;fadeInLeft&quot;}\" data-widget_type=\"heading.default\">\n\t\t\t\t<div class=\"elementor-widget-container\">\n\t\t\t\t\t<h4 class=\"elementor-heading-title elementor-size-default\">APRENDE INGL\u00c9S A TRAV\u00c9S DEL<\/h4>\t\t\t\t<\/div>\n\t\t\t\t<\/div>\n\t\t\t\t<div class=\"elementor-element elementor-element-a993c79 elementor-invisible elementor-widget elementor-widget-heading\" data-id=\"a993c79\" data-element_type=\"widget\" data-settings=\"{&quot;_animation&quot;:&quot;fadeInLeft&quot;}\" data-widget_type=\"heading.default\">\n\t\t\t\t<div class=\"elementor-widget-container\">\n\t\t\t\t\t<h2 class=\"elementor-heading-title elementor-size-default\">ENTRETENIMIENTO<\/h2>\t\t\t\t<\/div>\n\t\t\t\t<\/div>\n\t\t\t\t<div class=\"elementor-element elementor-element-d9047f7 elementor-widget elementor-widget-text-editor\" data-id=\"d9047f7\" data-element_type=\"widget\" data-widget_type=\"text-editor.default\">\n\t\t\t\t<div class=\"elementor-widget-container\">\n\t\t\t\t\t\t\t\t\t<p>\u00a1Aprender ingl\u00e9s no tiene que ser aburrido! En Ingl\u00e9s Para Todos lo hacemos divertido con pel\u00edculas, series y otro contenido emocionante que te ayuda a aprender de forma natural mientras disfrutas del mejor entretenimiento.<\/p><p>Por temas de derechos, no podemos mostrar estos programas en nuestra p\u00e1gina web, pero \u00a1no te preocupes! Puedes verlos las 24 horas del d\u00eda en Ingl\u00e9s Para Todos, disponible en DISH Latino y Spectrum Latino.<\/p><p>\u00bfTu proveedor no ofrece Ingl\u00e9s Para Todos? <br \/>Ll\u00e1malos y p\u00eddeles que lo agreguen. \u00a1Aprender ingl\u00e9s con nosotros es f\u00e1cil, divertido y est\u00e1 al alcance de todos gracias al poder del entretenimiento!<\/p>\t\t\t\t\t\t\t\t<\/div>\n\t\t\t\t<\/div>\n\t\t\t\t<div class=\"elementor-element elementor-element-ef04c24 elementor-widget elementor-widget-heading\" data-id=\"ef04c24\" data-element_type=\"widget\" data-widget_type=\"heading.default\">\n\t\t\t\t<div class=\"elementor-widget-container\">\n\t\t\t\t\t<h4 class=\"elementor-heading-title elementor-size-default translation-block\">\u00bfNo encuentras <strong>Ingl\u00e9s Para Todos<\/strong> en tu proveedor?<\/h4>\t\t\t\t<\/div>\n\t\t\t\t<\/div>\n\t\t\t\t<div class=\"elementor-element elementor-element-0c1fbeb elementor-align-left elementor-invisible elementor-widget elementor-widget-button\" data-id=\"0c1fbeb\" data-element_type=\"widget\" data-settings=\"{&quot;_animation&quot;:&quot;fadeIn&quot;}\" data-widget_type=\"button.default\">\n\t\t\t\t<div class=\"elementor-widget-container\">\n\t\t\t\t\t\t\t\t\t<div class=\"elementor-button-wrapper\">\n\t\t\t\t\t<a class=\"elementor-button elementor-button-link elementor-size-sm\" href=\"\/es\/providers\/\">\n\t\t\t\t\t\t<span class=\"elementor-button-content-wrapper\">\n\t\t\t\t\t\t\t\t\t<span class=\"elementor-button-text\">Clic Aqu\u00ed<\/span>\n\t\t\t\t\t<\/span>\n\t\t\t\t\t<\/a>\n\t\t\t\t<\/div>\n\t\t\t\t\t\t\t\t<\/div>\n\t\t\t\t<\/div>\n\t\t\t\t<\/div>\n\t\t<div class=\"elementor-element elementor-element-3ae0f78 e-con-full e-flex e-con e-child\" data-id=\"3ae0f78\" data-element_type=\"container\">\n\t\t\t\t<div class=\"elementor-element elementor-element-006c77e elementor-widget elementor-widget-spacer\" data-id=\"006c77e\" data-element_type=\"widget\" data-widget_type=\"spacer.default\">\n\t\t\t\t<div class=\"elementor-widget-container\">\n\t\t\t\t\t\t\t<div class=\"elementor-spacer\">\n\t\t\t<div class=\"elementor-spacer-inner\"><\/div>\n\t\t<\/div>\n\t\t\t\t\t\t<\/div>\n\t\t\t\t<\/div>\n\t\t\t\t<div class=\"elementor-element elementor-element-695daf1 elementor-widget elementor-widget-image\" data-id=\"695daf1\" data-element_type=\"widget\" data-widget_type=\"image.default\">\n\t\t\t\t<div class=\"elementor-widget-container\">\n\t\t\t\t\t\t\t\t\t\t\t\t\t\t\t<img fetchpriority=\"high\" decoding=\"async\" width=\"694\" height=\"577\" src=\"https:\/\/inglesparatodos.com\/wp-content\/uploads\/2025\/02\/Learning-Through-Entertainment.png\" class=\"attachment-large size-large wp-image-1841\" alt=\"\" \/>\t\t\t\t\t\t\t\t\t\t\t\t\t\t\t<\/div>\n\t\t\t\t<\/div>\n\t\t\t\t<div class=\"elementor-element elementor-element-881a504 elementor-widget elementor-widget-spacer\" data-id=\"881a504\" data-element_type=\"widget\" data-widget_type=\"spacer.default\">\n\t\t\t\t<div class=\"elementor-widget-container\">\n\t\t\t\t\t\t\t<div class=\"elementor-spacer\">\n\t\t\t<div class=\"elementor-spacer-inner\"><\/div>\n\t\t<\/div>\n\t\t\t\t\t\t<\/div>\n\t\t\t\t<\/div>\n\t\t\t\t<\/div>\n\t\t\t\t\t<\/div>\n\t\t\t\t<\/div>\n\t\t<div class=\"elementor-element elementor-element-103acd5 e-flex e-con-boxed e-con e-parent\" data-id=\"103acd5\" data-element_type=\"container\" data-settings=\"{&quot;background_background&quot;:&quot;classic&quot;}\">\n\t\t\t\t\t<div class=\"e-con-inner\">\n\t\t<div class=\"elementor-element elementor-element-9b73bf2 e-con-full e-flex e-con e-child\" data-id=\"9b73bf2\" data-element_type=\"container\">\n\t\t\t\t<div class=\"elementor-element elementor-element-4700874 elementor-widget elementor-widget-image\" data-id=\"4700874\" data-element_type=\"widget\" data-widget_type=\"image.default\">\n\t\t\t\t<div class=\"elementor-widget-container\">\n\t\t\t\t\t\t\t\t\t\t\t\t\t\t\t\t<a href=\"\/es\/inicio-ipt\/\">\n\t\t\t\t\t\t\t<img decoding=\"async\" src=\"https:\/\/inglesparatodos.com\/wp-content\/uploads\/2024\/11\/logo-IPT.png\" title=\"logo-IPT\" alt=\"logo-IPT\" loading=\"lazy\" \/>\t\t\t\t\t\t\t\t<\/a>\n\t\t\t\t\t\t\t\t\t\t\t\t\t\t\t<\/div>\n\t\t\t\t<\/div>\n\t\t\t\t<\/div>\n\t\t<div class=\"elementor-element elementor-element-95d4100 e-con-full e-flex e-con e-child\" data-id=\"95d4100\" data-element_type=\"container\">\n\t\t\t\t<\/div>\n\t\t<div class=\"elementor-element elementor-element-d2c4771 e-con-full elementor-hidden-mobile e-flex e-con e-child\" data-id=\"d2c4771\" data-element_type=\"container\">\n\t\t\t\t<\/div>\n\t\t\t\t\t<\/div>\n\t\t\t\t<\/div>\n\t\t<div class=\"elementor-element elementor-element-2b6790f e-flex e-con-boxed e-con e-parent\" data-id=\"2b6790f\" data-element_type=\"container\" data-settings=\"{&quot;background_background&quot;:&quot;classic&quot;}\">\n\t\t\t\t\t<div class=\"e-con-inner\">\n\t\t\t\t<div class=\"elementor-element elementor-element-2bbba4f elementor-widget elementor-widget-spacer\" data-id=\"2bbba4f\" data-element_type=\"widget\" data-widget_type=\"spacer.default\">\n\t\t\t\t<div class=\"elementor-widget-container\">\n\t\t\t\t\t\t\t<div class=\"elementor-spacer\">\n\t\t\t<div class=\"elementor-spacer-inner\"><\/div>\n\t\t<\/div>\n\t\t\t\t\t\t<\/div>\n\t\t\t\t<\/div>\n\t\t\t\t<div class=\"elementor-element elementor-element-20a5fc9 elementor-widget elementor-widget-text-editor\" data-id=\"20a5fc9\" data-element_type=\"widget\" data-widget_type=\"text-editor.default\">\n\t\t\t\t<div class=\"elementor-widget-container\">\n\t\t\t\t\t\t\t\t\t<p>@2025. 2042 Media USA, LLC. Todos los derechos reservados.<\/p>\t\t\t\t\t\t\t\t<\/div>\n\t\t\t\t<\/div>\n\t\t\t\t<div class=\"elementor-element elementor-element-4f61245 elementor-widget elementor-widget-spacer\" data-id=\"4f61245\" data-element_type=\"widget\" data-widget_type=\"spacer.default\">\n\t\t\t\t<div class=\"elementor-widget-container\">\n\t\t\t\t\t\t\t<div class=\"elementor-spacer\">\n\t\t\t<div class=\"elementor-spacer-inner\"><\/div>\n\t\t<\/div>\n\t\t\t\t\t\t<\/div>\n\t\t\t\t<\/div>\n\t\t\t\t\t<\/div>\n\t\t\t\t<\/div>\n\t\t\t\t<\/div>","protected":false},"excerpt":{"rendered":"<p>LEARNING THROUGH ENTERTAINMENT Learning English doesn\u2019t have to be boring! At Ingl\u00e9s Para Todos, we make it fun with movies, series, and other exciting content that help you learn naturally while enjoying great entertainment. Unfortunately, due to content rights, we can\u2019t stream these programs on our website. But don\u2019t worry! You can watch them 24\/7 [&hellip;]<\/p>","protected":false},"author":1,"featured_media":0,"parent":0,"menu_order":0,"comment_status":"closed","ping_status":"closed","template":"elementor_canvas","meta":{"footnotes":""},"class_list":["post-1839","page","type-page","status-publish","hentry"],"rttpg_featured_image_url":null,"rttpg_author":{"display_name":"admin","author_link":"http:\/\/inglesparatodos.com\/es\/author\/admin\/"},"rttpg_comment":0,"rttpg_category":null,"rttpg_excerpt":"LEARNING THROUGH ENTERTAINMENT Learning English doesn\u2019t have to be boring! At Ingl\u00e9s Para Todos, we make it fun with movies, series, and other exciting content that help you learn naturally while enjoying great entertainment. Unfortunately, due to content rights, we can\u2019t stream these programs on our website. But don\u2019t worry! You can watch them 24\/7&hellip;","_links":{"self":[{"href":"http:\/\/inglesparatodos.com\/es\/wp-json\/wp\/v2\/pages\/1839","targetHints":{"allow":["GET"]}}],"collection":[{"href":"http:\/\/inglesparatodos.com\/es\/wp-json\/wp\/v2\/pages"}],"about":[{"href":"http:\/\/inglesparatodos.com\/es\/wp-json\/wp\/v2\/types\/page"}],"author":[{"embeddable":true,"href":"http:\/\/inglesparatodos.com\/es\/wp-json\/wp\/v2\/users\/1"}],"replies":[{"embeddable":true,"href":"http:\/\/inglesparatodos.com\/es\/wp-json\/wp\/v2\/comments?post=1839"}],"version-history":[{"count":16,"href":"http:\/\/inglesparatodos.com\/es\/wp-json\/wp\/v2\/pages\/1839\/revisions"}],"predecessor-version":[{"id":2325,"href":"http:\/\/inglesparatodos.com\/es\/wp-json\/wp\/v2\/pages\/1839\/revisions\/2325"}],"wp:attachment":[{"href":"http:\/\/inglesparatodos.com\/es\/wp-json\/wp\/v2\/media?parent=1839"}],"curies":[{"name":"wp","href":"https:\/\/api.w.org\/{rel}","templated":true}]}}